{"id":26,"date":"2022-06-28T14:54:41","date_gmt":"2022-06-28T12:54:41","guid":{"rendered":"http:\/\/www.ib-paysagisteconseil.fr\/?page_id=26"},"modified":"2024-12-06T18:41:35","modified_gmt":"2024-12-06T17:41:35","slug":"me-connaitre","status":"publish","type":"page","link":"https:\/\/www.ib-paysagisteconseil.fr\/?page_id=26","title":{"rendered":"Pr\u00e9sentation"},"content":{"rendered":"\n<p class=\"has-text-align-center has-text-color has-large-font-size\" style=\"color:#66b50d\"><strong>PRESENTATION<\/strong><\/p>\n\n\n\n<div class=\"wp-block-columns is-layout-flex wp-container-core-columns-is-layout-9d6595d7 wp-block-columns-is-layout-flex\">\n<div class=\"wp-block-column is-layout-flow wp-block-column-is-layout-flow\"><\/div>\n\n\n\n<div class=\"wp-block-column is-layout-flow wp-block-column-is-layout-flow\">\n<p class=\"has-text-color\" style=\"color:#66b50d;font-size:17px\"><\/p>\n<\/div>\n<\/div>\n\n\n\n<p class=\"has-text-color\" style=\"color:#66b50d;font-size:17px\"><strong>Isabelle Barret, <\/strong><\/p>\n\n\n\n<p>Passionn\u00e9e par le v\u00e9g\u00e9tal, je suis devenue paysagiste pour <strong>concevoir des jardins vivants, au plus pr\u00e8s de la nature. <\/strong>Des jardins harmonieux qui suivent le rythme des saisons et correspondant \u00e0 vos go\u00fbts.<\/p>\n\n\n\n<div class=\"wp-block-columns is-layout-flex wp-container-core-columns-is-layout-9d6595d7 wp-block-columns-is-layout-flex\">\n<div class=\"wp-block-column is-layout-flow wp-block-column-is-layout-flow\"><div class=\"wp-block-image\">\n<figure class=\"aligncenter size-large is-resized\"><img loading=\"lazy\" decoding=\"async\" width=\"767\" height=\"1024\" src=\"http:\/\/www.ib-paysagisteconseil.fr\/wp-content\/uploads\/2023\/07\/Photo-moi3-767x1024.jpg\" alt=\"\" class=\"wp-image-3698\" style=\"width:300px\" srcset=\"https:\/\/www.ib-paysagisteconseil.fr\/wp-content\/uploads\/2023\/07\/Photo-moi3-767x1024.jpg 767w, https:\/\/www.ib-paysagisteconseil.fr\/wp-content\/uploads\/2023\/07\/Photo-moi3-225x300.jpg 225w, https:\/\/www.ib-paysagisteconseil.fr\/wp-content\/uploads\/2023\/07\/Photo-moi3-768x1026.jpg 768w, https:\/\/www.ib-paysagisteconseil.fr\/wp-content\/uploads\/2023\/07\/Photo-moi3-1150x1536.jpg 1150w, https:\/\/www.ib-paysagisteconseil.fr\/wp-content\/uploads\/2023\/07\/Photo-moi3-1533x2048.jpg 1533w, https:\/\/www.ib-paysagisteconseil.fr\/wp-content\/uploads\/2023\/07\/Photo-moi3.jpg 1748w\" sizes=\"auto, (max-width: 767px) 100vw, 767px\" \/><\/figure>\n<\/div><\/div>\n\n\n\n<div class=\"wp-block-column is-layout-flow wp-block-column-is-layout-flow\">\n<p>Au fil des ann\u00e9es, j&rsquo;ai eu l&rsquo;occasion de travailler avec les professionnels du v\u00e9g\u00e9tal, des horticulteurs et p\u00e9pini\u00e9ristes, des paysagistes. Une belle exp\u00e9rience, riche de rencontre et de partage !<\/p>\n\n\n\n<p>Horticultrice de formation, j&rsquo;ai poursuivi mes \u00e9tudes dans l&rsquo;agronomie, pour approfondir la connaissance des plantes et leur relation avec l&rsquo;environnement, en particulier le sol.<\/p>\n\n\n\n<p>L&rsquo;envie grandissante de cr\u00e9er des jardins m\u2019a conduit vers des \u00e9tudes de paysagisme et l\u2019obtention de mon dipl\u00f4me de technicienne paysagiste en 2019.<\/p>\n\n\n\n<p>Aujourd&rsquo;hui, j\u2019accompagne et je conseille les particuliers dans leur projet d\u2019am\u00e9nagement que ce soit un jardin, un balcon ou une terrasse.<\/p>\n\n\n\n<p>Mon objectif est de donner vie aux espaces ext\u00e9rieurs, en mettant le <strong>v\u00e9g\u00e9tal au c\u0153ur des projets<\/strong>, tout en respectant l\u2019existant et les envies de chacun.<\/p>\n<\/div>\n<\/div>\n\n\n\n<p class=\"has-white-color has-text-color has-link-color wp-elements-313113e91638075cb511b478546c81c4\">a<\/p>\n\n\n\n<p class=\"has-white-color has-text-color has-link-color wp-elements-c645e628e62f8fbab9d9726851472d16\"><\/p>\n\n\n\n<p class=\"has-text-color\" style=\"color:#66b50d;font-size:22px\"><img decoding=\"async\" style=\"height:15px\" src=\"http:\/\/www.ib-paysagisteconseil.fr\/wp-content\/uploads\/2022\/08\/pucel.png\"> <strong>Mon approche de la conception<\/strong><\/p>\n\n\n\n<p>J\u2019appr\u00e9cie tout particuli\u00e8rement les<strong>&nbsp;jardins naturels&nbsp;<\/strong>qui expriment leur harmonie en toutes saisons. Je travaille principalement avec les <strong>v\u00e9g\u00e9taux rustiques et locaux, ayant un&nbsp;int\u00e9r\u00eat \u00e9cologique&nbsp;<\/strong>comme les plantes mellif\u00e8res qui attirent les insectes et les oiseaux, les arbustes \u00e0 baies et fruits sauvages. Les mat\u00e9riaux sont naturels (bois, pierre) dans la mesure du possible ou issus de r\u00e9cup\u00e9ration, par exemple.<\/p>\n\n\n\n<p>Ma d\u00e9marche est d\u2019imaginer votre espace par un dessin et un plan, en cherchant \u00e0 cr\u00e9er un \u00e9quilibre entre le v\u00e9g\u00e9tal et les \u00e9l\u00e9ments structurels.<strong> <\/strong>Le dessin \u00e0 la main offre un rendu plus sensible et plus personnel ; il nous rappelle que nous travaillons avec le vivant. Je ne n\u00e9glige pas pour autant l\u2019utilisation de logiciels pour une approche plus moderne.<\/p>\n\n\n\n<div class=\"wp-block-group is-nowrap is-layout-flex wp-container-core-group-is-layout-ad2f72ca wp-block-group-is-layout-flex\">\n<figure class=\"wp-block-image size-large\"><img loading=\"lazy\" decoding=\"async\" width=\"1024\" height=\"648\" src=\"http:\/\/www.ib-paysagisteconseil.fr\/wp-content\/uploads\/2023\/03\/croquis-terrasse-haute-resolution-1024x648.jpg\" alt=\"\" class=\"wp-image-2737\" srcset=\"https:\/\/www.ib-paysagisteconseil.fr\/wp-content\/uploads\/2023\/03\/croquis-terrasse-haute-resolution-1024x648.jpg 1024w, https:\/\/www.ib-paysagisteconseil.fr\/wp-content\/uploads\/2023\/03\/croquis-terrasse-haute-resolution-300x190.jpg 300w, https:\/\/www.ib-paysagisteconseil.fr\/wp-content\/uploads\/2023\/03\/croquis-terrasse-haute-resolution-768x486.jpg 768w, https:\/\/www.ib-paysagisteconseil.fr\/wp-content\/uploads\/2023\/03\/croquis-terrasse-haute-resolution-1536x972.jpg 1536w, https:\/\/www.ib-paysagisteconseil.fr\/wp-content\/uploads\/2023\/03\/croquis-terrasse-haute-resolution-2048x1296.jpg 2048w\" sizes=\"auto, (max-width: 1024px) 100vw, 1024px\" \/><\/figure>\n\n\n\n<figure class=\"wp-block-image size-large\"><img loading=\"lazy\" decoding=\"async\" width=\"1024\" height=\"724\" src=\"http:\/\/www.ib-paysagisteconseil.fr\/wp-content\/uploads\/2024\/08\/Isabelle-sketchup4ok-3-1024x724.jpg\" alt=\"\" class=\"wp-image-4201\" srcset=\"https:\/\/www.ib-paysagisteconseil.fr\/wp-content\/uploads\/2024\/08\/Isabelle-sketchup4ok-3-1024x724.jpg 1024w, https:\/\/www.ib-paysagisteconseil.fr\/wp-content\/uploads\/2024\/08\/Isabelle-sketchup4ok-3-300x212.jpg 300w, https:\/\/www.ib-paysagisteconseil.fr\/wp-content\/uploads\/2024\/08\/Isabelle-sketchup4ok-3-768x543.jpg 768w, https:\/\/www.ib-paysagisteconseil.fr\/wp-content\/uploads\/2024\/08\/Isabelle-sketchup4ok-3.jpg 1273w\" sizes=\"auto, (max-width: 1024px) 100vw, 1024px\" \/><\/figure>\n<\/div>\n\n\n\n<p>Avec l&rsquo;\u00e9volution climatique, il est devenu n\u00e9cessaire d&rsquo;adapter la palette v\u00e9g\u00e9tale en s\u00e9lectionnant des plantes qui tol\u00e8rent bien les p\u00e9riodes de s\u00e9cheresse. Encore faut-il choisir judicieusement ces plantes pour qu&rsquo;elles s&rsquo;adaptent aux sp\u00e9cificit\u00e9s du terrain (exposition, sol&#8230;) et selon l\u2019ambiance que l\u2019on souhaite cr\u00e9er.&nbsp;<\/p>\n\n\n\n<p>D&rsquo;autres crit\u00e8res sont pris en compte, comme par exemples, la diversification des plantations, l&rsquo;utilisation des strates v\u00e9g\u00e9tales, la mise en place de zones naturelles&#8230;. <\/p>\n\n\n\n<p class=\"has-text-align-center has-text-color\" style=\"color:#66b50d;font-size:17px\"><strong><em>Pour commencer, je vous propose de nous rencontrer !<\/em><\/strong><\/p>\n\n\n\n<div class=\"wp-block-buttons is-content-justification-center is-layout-flex wp-container-core-buttons-is-layout-16018d1d wp-block-buttons-is-layout-flex\">\n<div class=\"wp-block-button\"><a class=\"wp-block-button__link has-white-color has-text-color has-background wp-element-button\" href=\"https:\/\/www.ib-paysagisteconseil.fr\/?page_id=27\" style=\"border-radius:10px;background-color:#77c236\">Contactez-moi !<\/a><\/div>\n<\/div>\n","protected":false},"excerpt":{"rendered":"<p>PRESENTATION Isabelle Barret, Passionn\u00e9e par le v\u00e9g\u00e9tal, je suis devenue paysagiste pour concevoir des jardins vivants, au plus pr\u00e8s de la nature. Des jardins harmonieux qui suivent le rythme des [&hellip;]<\/p>\n","protected":false},"author":1,"featured_media":0,"parent":0,"menu_order":0,"comment_status":"closed","ping_status":"closed","template":"templates\/template-full-notitle.php","meta":{"sfsi_plus_gutenberg_text_before_share":"","sfsi_plus_gutenberg_show_text_before_share":"","sfsi_plus_gutenberg_icon_type":"","sfsi_plus_gutenberg_icon_alignemt":"","sfsi_plus_gutenburg_max_per_row":"","_sitemap_exclude":false,"_sitemap_priority":"","_sitemap_frequency":"","footnotes":""},"class_list":["post-26","page","type-page","status-publish","hentry","post"],"_links":{"self":[{"href":"https:\/\/www.ib-paysagisteconseil.fr\/index.php?rest_route=\/wp\/v2\/pages\/26","targetHints":{"allow":["GET"]}}],"collection":[{"href":"https:\/\/www.ib-paysagisteconseil.fr\/index.php?rest_route=\/wp\/v2\/pages"}],"about":[{"href":"https:\/\/www.ib-paysagisteconseil.fr\/index.php?rest_route=\/wp\/v2\/types\/page"}],"author":[{"embeddable":true,"href":"https:\/\/www.ib-paysagisteconseil.fr\/index.php?rest_route=\/wp\/v2\/users\/1"}],"replies":[{"embeddable":true,"href":"https:\/\/www.ib-paysagisteconseil.fr\/index.php?rest_route=%2Fwp%2Fv2%2Fcomments&post=26"}],"version-history":[{"count":521,"href":"https:\/\/www.ib-paysagisteconseil.fr\/index.php?rest_route=\/wp\/v2\/pages\/26\/revisions"}],"predecessor-version":[{"id":4363,"href":"https:\/\/www.ib-paysagisteconseil.fr\/index.php?rest_route=\/wp\/v2\/pages\/26\/revisions\/4363"}],"wp:attachment":[{"href":"https:\/\/www.ib-paysagisteconseil.fr\/index.php?rest_route=%2Fwp%2Fv2%2Fmedia&parent=26"}],"curies":[{"name":"wp","href":"https:\/\/api.w.org\/{rel}","templated":true}]}}